{"id":1093,"date":"2022-01-19T19:06:26","date_gmt":"2022-01-19T18:06:26","guid":{"rendered":"http:\/\/vapjder.cluster031.hosting.ovh.net\/?page_id=1093"},"modified":"2023-08-01T14:13:57","modified_gmt":"2023-08-01T12:13:57","slug":"paris-18","status":"publish","type":"page","link":"https:\/\/www.altev.fr\/index.php\/nos-projets\/paris-18\/","title":{"rendered":"Paris 18e"},"content":{"rendered":"\t\t<div data-elementor-type=\"wp-page\" data-elementor-id=\"1093\" class=\"elementor elementor-1093\" data-elementor-settings=\"[]\">\n\t\t\t\t\t\t\t<div class=\"elementor-section-wrap\">\n\t\t\t\t\t\t\t<section class=\"elementor-section elementor-top-section elementor-element elementor-element-515290f elementor-section-height-min-height elementor-section-boxed elementor-section-height-default elementor-section-items-middle\" data-id=\"515290f\" data-element_type=\"section\" data-settings=\"{&quot;background_background&quot;:&quot;classic&quot;,&quot;background_motion_fx_motion_fx_scrolling&quot;:&quot;yes&quot;,&quot;background_motion_fx_translateY_effect&quot;:&quot;yes&quot;,&quot;background_motion_fx_translateY_direction&quot;:&quot;negative&quot;,&quot;background_motion_fx_translateY_speed&quot;:{&quot;unit&quot;:&quot;px&quot;,&quot;size&quot;:4,&quot;sizes&quot;:[]},&quot;background_motion_fx_translateY_affectedRange&quot;:{&quot;unit&quot;:&quot;%&quot;,&quot;size&quot;:&quot;&quot;,&quot;sizes&quot;:{&quot;start&quot;:0,&quot;end&quot;:100}},&quot;background_motion_fx_devices&quot;:[&quot;desktop&quot;,&quot;tablet&quot;,&quot;mobile&quot;]}\">\n\t\t\t\t\t\t\t<div class=\"elementor-background-overlay\"><\/div>\n\t\t\t\t\t\t\t<div class=\"elementor-container elementor-column-gap-default\">\n\t\t\t\t\t<div class=\"elementor-column elementor-col-100 elementor-top-column elementor-element elementor-element-aff9b18\" data-id=\"aff9b18\" data-element_type=\"column\">\n\t\t\t<div class=\"elementor-widget-wrap elementor-element-populated\">\n\t\t\t\t\t\t\t\t<section class=\"elementor-section elementor-inner-section elementor-element elementor-element-f7f0c89 elementor-section-boxed elementor-section-height-default elementor-section-height-default\" data-id=\"f7f0c89\" data-element_type=\"section\">\n\t\t\t\t\t\t<div class=\"elementor-container elementor-column-gap-default\">\n\t\t\t\t\t<div class=\"elementor-column elementor-col-100 elementor-inner-column elementor-element elementor-element-513bd49\" data-id=\"513bd49\" data-element_type=\"column\">\n\t\t\t<div class=\"elementor-widget-wrap elementor-element-populated\">\n\t\t\t\t\t\t\t\t<div class=\"elementor-element elementor-element-604d422 elementor-widget elementor-widget-heading\" data-id=\"604d422\" data-element_type=\"widget\" data-widget_type=\"heading.default\">\n\t\t\t\t<div class=\"elementor-widget-container\">\n\t\t\t<style>\/*! elementor - v3.5.0 - 12-12-2021 *\/\n.elementor-heading-title{padding:0;margin:0;line-height:1}.elementor-widget-heading .elementor-heading-title[class*=elementor-size-]>a{color:inherit;font-size:inherit;line-height:inherit}.elementor-widget-heading .elementor-heading-title.elementor-size-small{font-size:15px}.elementor-widget-heading .elementor-heading-title.elementor-size-medium{font-size:19px}.elementor-widget-heading .elementor-heading-title.elementor-size-large{font-size:29px}.elementor-widget-heading .elementor-heading-title.elementor-size-xl{font-size:39px}.elementor-widget-heading .elementor-heading-title.elementor-size-xxl{font-size:59px}<\/style><h1 class=\"elementor-heading-title elementor-size-default\">Paris 18e<\/h1>\t\t<\/div>\n\t\t\t\t<\/div>\n\t\t\t\t\t<\/div>\n\t\t<\/div>\n\t\t\t\t\t\t\t<\/div>\n\t\t<\/section>\n\t\t\t\t\t<\/div>\n\t\t<\/div>\n\t\t\t\t\t\t\t<\/div>\n\t\t<\/section>\n\t\t\t\t<section class=\"elementor-section elementor-top-section elementor-element elementor-element-6424f7a9 elementor-section-content-middle elementor-section-boxed elementor-section-height-default elementor-section-height-default\" data-id=\"6424f7a9\" data-element_type=\"section\" data-settings=\"{&quot;background_background&quot;:&quot;classic&quot;,&quot;background_motion_fx_motion_fx_scrolling&quot;:&quot;yes&quot;,&quot;background_motion_fx_translateX_effect&quot;:&quot;yes&quot;,&quot;background_motion_fx_translateX_speed&quot;:{&quot;unit&quot;:&quot;px&quot;,&quot;size&quot;:4,&quot;sizes&quot;:[]},&quot;background_motion_fx_translateX_affectedRange&quot;:{&quot;unit&quot;:&quot;%&quot;,&quot;size&quot;:&quot;&quot;,&quot;sizes&quot;:{&quot;start&quot;:0,&quot;end&quot;:100}},&quot;background_motion_fx_devices&quot;:[&quot;desktop&quot;,&quot;tablet&quot;,&quot;mobile&quot;]}\">\n\t\t\t\t\t\t<div class=\"elementor-container elementor-column-gap-default\">\n\t\t\t\t\t<div class=\"elementor-column elementor-col-100 elementor-top-column elementor-element elementor-element-bc9bf17\" data-id=\"bc9bf17\" data-element_type=\"column\">\n\t\t\t<div class=\"elementor-widget-wrap elementor-element-populated\">\n\t\t\t\t\t\t\t\t<div class=\"elementor-element elementor-element-4c669944 animated-slow elementor-invisible elementor-widget elementor-widget-text-editor\" data-id=\"4c669944\" data-element_type=\"widget\" data-settings=\"{&quot;_animation&quot;:&quot;fadeIn&quot;}\" data-widget_type=\"text-editor.default\">\n\t\t\t\t<div class=\"elementor-widget-container\">\n\t\t\t<style>\/*! elementor - v3.5.0 - 12-12-2021 *\/\n.elementor-widget-text-editor.elementor-drop-cap-view-stacked .elementor-drop-cap{background-color:#818a91;color:#fff}.elementor-widget-text-editor.elementor-drop-cap-view-framed .elementor-drop-cap{color:#818a91;border:3px solid;background-color:transparent}.elementor-widget-text-editor:not(.elementor-drop-cap-view-default) .elementor-drop-cap{margin-top:8px}.elementor-widget-text-editor:not(.elementor-drop-cap-view-default) .elementor-drop-cap-letter{width:1em;height:1em}.elementor-widget-text-editor .elementor-drop-cap{float:left;text-align:center;line-height:1;font-size:50px}.elementor-widget-text-editor .elementor-drop-cap-letter{display:inline-block}<\/style>\t\t\t\t<p>Cet ancien entrep\u00f4t, qui a abrit\u00e9 le magasin la SERAP puis une entreprise d\u2019import-export de v\u00eatements, est transform\u00e9 en une r\u00e9sidence de 49 logements sociaux et interm\u00e9diaires, ainsi qu\u2019un commerce en rez-de-chauss\u00e9e.<\/p><p>Exemple d\u2019immobilier durable, l\u2019entrep\u00f4t ne sera pas d\u00e9moli mais transform\u00e9 en logements. Des sur\u00e9l\u00e9vations accompagneront ce projet.<\/p><p>Par sa transformation en immeuble d\u2019habitation, ce projet participe au renouveau du quartier de la rue Pajol.<\/p>\t\t\t\t\t\t<\/div>\n\t\t\t\t<\/div>\n\t\t\t\t<section class=\"elementor-section elementor-inner-section elementor-element elementor-element-3f669634 elementor-section-boxed elementor-section-height-default elementor-section-height-default\" data-id=\"3f669634\" data-element_type=\"section\" data-settings=\"{&quot;background_background&quot;:&quot;classic&quot;}\">\n\t\t\t\t\t\t<div class=\"elementor-container elementor-column-gap-default\">\n\t\t\t\t\t<div class=\"elementor-column elementor-col-20 elementor-inner-column elementor-element elementor-element-3695008f\" data-id=\"3695008f\" data-element_type=\"column\">\n\t\t\t<div class=\"elementor-widget-wrap elementor-element-populated\">\n\t\t\t\t\t\t\t\t<div class=\"elementor-element elementor-element-778a88c7 elementor-widget elementor-widget-text-editor\" data-id=\"778a88c7\" data-element_type=\"widget\" data-widget_type=\"text-editor.default\">\n\t\t\t\t<div class=\"elementor-widget-container\">\n\t\t\t\t\t\t\t<p>Ma\u00eetre d&rsquo;oeuvre<\/p>\t\t\t\t\t\t<\/div>\n\t\t\t\t<\/div>\n\t\t\t\t<div class=\"elementor-element elementor-element-44b806c5 elementor-widget elementor-widget-text-editor\" data-id=\"44b806c5\" data-element_type=\"widget\" data-widget_type=\"text-editor.default\">\n\t\t\t\t<div class=\"elementor-widget-container\">\n\t\t\t\t\t\t\tKrengel &#038; Sacquin\t\t\t\t\t\t<\/div>\n\t\t\t\t<\/div>\n\t\t\t\t\t<\/div>\n\t\t<\/div>\n\t\t\t\t<div class=\"elementor-column elementor-col-20 elementor-inner-column elementor-element elementor-element-636822a6\" data-id=\"636822a6\" data-element_type=\"column\">\n\t\t\t<div class=\"elementor-widget-wrap elementor-element-populated\">\n\t\t\t\t\t\t\t\t<div class=\"elementor-element elementor-element-33df9844 elementor-widget elementor-widget-text-editor\" data-id=\"33df9844\" data-element_type=\"widget\" data-widget_type=\"text-editor.default\">\n\t\t\t\t<div class=\"elementor-widget-container\">\n\t\t\t\t\t\t\t<p>Surface<\/p>\t\t\t\t\t\t<\/div>\n\t\t\t\t<\/div>\n\t\t\t\t<div class=\"elementor-element elementor-element-7e0f6494 elementor-widget elementor-widget-text-editor\" data-id=\"7e0f6494\" data-element_type=\"widget\" data-widget_type=\"text-editor.default\">\n\t\t\t\t<div class=\"elementor-widget-container\">\n\t\t\t\t\t\t\t<p>2200 m<sup>2<\/sup><\/p>\t\t\t\t\t\t<\/div>\n\t\t\t\t<\/div>\n\t\t\t\t\t<\/div>\n\t\t<\/div>\n\t\t\t\t<div class=\"elementor-column elementor-col-20 elementor-inner-column elementor-element elementor-element-1c584f67\" data-id=\"1c584f67\" data-element_type=\"column\">\n\t\t\t<div class=\"elementor-widget-wrap elementor-element-populated\">\n\t\t\t\t\t\t\t\t<div class=\"elementor-element elementor-element-4c9dfd15 elementor-widget elementor-widget-text-editor\" data-id=\"4c9dfd15\" data-element_type=\"widget\" data-widget_type=\"text-editor.default\">\n\t\t\t\t<div class=\"elementor-widget-container\">\n\t\t\t\t\t\t\t<p>Type de projet<\/p>\t\t\t\t\t\t<\/div>\n\t\t\t\t<\/div>\n\t\t\t\t<div class=\"elementor-element elementor-element-19cd2b95 elementor-widget elementor-widget-text-editor\" data-id=\"19cd2b95\" data-element_type=\"widget\" data-widget_type=\"text-editor.default\">\n\t\t\t\t<div class=\"elementor-widget-container\">\n\t\t\t\t\t\t\t<p>Transformation et sur\u00e9l\u00e9vation d&rsquo;un entrep\u00f4t en habitation<\/p>\t\t\t\t\t\t<\/div>\n\t\t\t\t<\/div>\n\t\t\t\t\t<\/div>\n\t\t<\/div>\n\t\t\t\t<div class=\"elementor-column elementor-col-20 elementor-inner-column elementor-element elementor-element-22d459ed\" data-id=\"22d459ed\" data-element_type=\"column\">\n\t\t\t<div class=\"elementor-widget-wrap elementor-element-populated\">\n\t\t\t\t\t\t\t\t<div class=\"elementor-element elementor-element-69f38566 elementor-widget elementor-widget-text-editor\" data-id=\"69f38566\" data-element_type=\"widget\" data-widget_type=\"text-editor.default\">\n\t\t\t\t<div class=\"elementor-widget-container\">\n\t\t\t\t\t\t\t<p>Certification<\/p>\t\t\t\t\t\t<\/div>\n\t\t\t\t<\/div>\n\t\t\t\t<div class=\"elementor-element elementor-element-23e5aa6d elementor-widget elementor-widget-text-editor\" data-id=\"23e5aa6d\" data-element_type=\"widget\" data-widget_type=\"text-editor.default\">\n\t\t\t\t<div class=\"elementor-widget-container\">\n\t\t\t\t\t\t\tPrestaterre RT 2012 -10%\t\t\t\t\t\t<\/div>\n\t\t\t\t<\/div>\n\t\t\t\t\t<\/div>\n\t\t<\/div>\n\t\t\t\t<div class=\"elementor-column elementor-col-20 elementor-inner-column elementor-element elementor-element-7fbb8a6b\" data-id=\"7fbb8a6b\" data-element_type=\"column\">\n\t\t\t<div class=\"elementor-widget-wrap elementor-element-populated\">\n\t\t\t\t\t\t\t\t<div class=\"elementor-element elementor-element-1e4b8fcc elementor-widget elementor-widget-text-editor\" data-id=\"1e4b8fcc\" data-element_type=\"widget\" data-widget_type=\"text-editor.default\">\n\t\t\t\t<div class=\"elementor-widget-container\">\n\t\t\t\t\t\t\t<p>Livraison<\/p>\t\t\t\t\t\t<\/div>\n\t\t\t\t<\/div>\n\t\t\t\t<div class=\"elementor-element elementor-element-3e82d3f6 elementor-widget elementor-widget-text-editor\" data-id=\"3e82d3f6\" data-element_type=\"widget\" data-widget_type=\"text-editor.default\">\n\t\t\t\t<div class=\"elementor-widget-container\">\n\t\t\t\t\t\t\t<p>1er semestre 2025<\/p>\t\t\t\t\t\t<\/div>\n\t\t\t\t<\/div>\n\t\t\t\t\t<\/div>\n\t\t<\/div>\n\t\t\t\t\t\t\t<\/div>\n\t\t<\/section>\n\t\t\t\t\t<\/div>\n\t\t<\/div>\n\t\t\t\t\t\t\t<\/div>\n\t\t<\/section>\n\t\t\t\t<section class=\"elementor-section elementor-top-section elementor-element elementor-element-bd3ead9 elementor-section-boxed elementor-section-height-default elementor-section-height-default\" data-id=\"bd3ead9\" data-element_type=\"section\" data-settings=\"{&quot;background_background&quot;:&quot;classic&quot;}\">\n\t\t\t\t\t\t<div class=\"elementor-container elementor-column-gap-default\">\n\t\t\t\t\t<div class=\"elementor-column elementor-col-100 elementor-top-column elementor-element elementor-element-23b21f5\" data-id=\"23b21f5\" data-element_type=\"column\">\n\t\t\t<div class=\"elementor-widget-wrap elementor-element-populated\">\n\t\t\t\t\t\t\t\t<div class=\"elementor-element elementor-element-2683d17 pp-ic-label-horizontal-top elementor-widget elementor-widget-pp-image-comparison\" data-id=\"2683d17\" data-element_type=\"widget\" data-widget_type=\"pp-image-comparison.default\">\n\t\t\t\t<div class=\"elementor-widget-container\">\n\t\t\t\t\t<div class=\"pp-image-comparison\" id=\"pp-image-comparison-2683d17\" data-settings='{\"visible_ratio\":\"0.5\",\"orientation\":\"horizontal\",\"before_label\":\"Avant\",\"after_label\":\"Apr\\u00e8s\",\"slider_on_hover\":true,\"slider_with_handle\":false,\"slider_with_click\":false,\"no_overlay\":true}'>\n\t\t\t<img decoding=\"async\" src=\"https:\/\/www.altev.fr\/wp-content\/uploads\/2023\/05\/Pajol-avant-1.jpg\" alt=\"ALTEV\" title=\"ALTEV\" \/><img decoding=\"async\" src=\"https:\/\/www.altev.fr\/wp-content\/uploads\/2023\/05\/Pajol-apres-1.jpg\" alt=\"Pajol apre\u0300s\" title=\"Pajol apre\u0300s\" \/>\t\t<\/div>\n\t\t\t\t<\/div>\n\t\t\t\t<\/div>\n\t\t\t\t<div class=\"elementor-element elementor-element-be05197 animated-slow elementor-invisible elementor-widget elementor-widget-text-editor\" data-id=\"be05197\" data-element_type=\"widget\" data-settings=\"{&quot;_animation&quot;:&quot;fadeIn&quot;}\" data-widget_type=\"text-editor.default\">\n\t\t\t\t<div class=\"elementor-widget-container\">\n\t\t\t\t\t\t\t<p style=\"text-align: center;\"><em style=\"color: var( --e-global-color-0f9159d );\">Vues non contractuelles<\/em><\/p>\t\t\t\t\t\t<\/div>\n\t\t\t\t<\/div>\n\t\t\t\t\t<\/div>\n\t\t<\/div>\n\t\t\t\t\t\t\t<\/div>\n\t\t<\/section>\n\t\t\t\t\t\t<\/div>\n\t\t\t\t\t<\/div>\n\t\t","protected":false},"excerpt":{"rendered":"<p>Cet ancien entrep\u00f4t, qui a abrit\u00e9 le magasin la SERAP puis une entreprise d\u2019import-export de v\u00eatements, est transform\u00e9 en une r\u00e9sidence de 49 logements sociaux et interm\u00e9diaires, ainsi qu\u2019un commerce en rez-de-chauss\u00e9e. Exemple d\u2019immobilier durable, l\u2019entrep\u00f4t ne sera pas d\u00e9moli mais transform\u00e9 en logements. Des sur\u00e9l\u00e9vations accompagneront ce projet. Par sa transformation en immeuble d\u2019habitation, [&hellip;]<\/p>\n","protected":false},"author":1,"featured_media":2121,"parent":898,"menu_order":5,"comment_status":"closed","ping_status":"closed","template":"elementor_header_footer","meta":{"footnotes":""},"class_list":["post-1093","page","type-page","status-publish","has-post-thumbnail","hentry"],"yoast_head":"<!-- This site is optimized with the Yoast SEO plugin v18.2 - https:\/\/yoast.com\/wordpress\/plugins\/seo\/ -->\n<title>Paris 18e - ALTEV<\/title>\n<meta name=\"robots\" content=\"index, follow, max-snippet:-1, max-image-preview:large, max-video-preview:-1\" \/>\n<link rel=\"canonical\" href=\"https:\/\/www.altev.fr\/index.php\/nos-projets\/paris-18\/\" \/>\n<meta property=\"og:locale\" content=\"fr_FR\" \/>\n<meta property=\"og:type\" content=\"article\" \/>\n<meta property=\"og:title\" content=\"Paris 18e - ALTEV\" \/>\n<meta property=\"og:description\" content=\"Cet ancien entrep\u00f4t, qui a abrit\u00e9 le magasin la SERAP puis une entreprise d\u2019import-export de v\u00eatements, est transform\u00e9 en une r\u00e9sidence de 49 logements sociaux et interm\u00e9diaires, ainsi qu\u2019un commerce en rez-de-chauss\u00e9e. Exemple d\u2019immobilier durable, l\u2019entrep\u00f4t ne sera pas d\u00e9moli mais transform\u00e9 en logements. Des sur\u00e9l\u00e9vations accompagneront ce projet. Par sa transformation en immeuble d\u2019habitation, [&hellip;]\" \/>\n<meta property=\"og:url\" content=\"https:\/\/www.altev.fr\/index.php\/nos-projets\/paris-18\/\" \/>\n<meta property=\"og:site_name\" content=\"ALTEV\" \/>\n<meta property=\"article:modified_time\" content=\"2023-08-01T12:13:57+00:00\" \/>\n<meta property=\"og:image\" content=\"https:\/\/www.altev.fr\/wp-content\/uploads\/2023\/04\/paris-18-scaled.jpg\" \/>\n\t<meta property=\"og:image:width\" content=\"1998\" \/>\n\t<meta property=\"og:image:height\" content=\"2560\" \/>\n\t<meta property=\"og:image:type\" content=\"image\/jpeg\" \/>\n<meta name=\"twitter:card\" content=\"summary_large_image\" \/>\n<meta name=\"twitter:label1\" content=\"Dur\u00e9e de lecture estim\u00e9e\" \/>\n\t<meta name=\"twitter:data1\" content=\"1 minute\" \/>\n<script type=\"application\/ld+json\" class=\"yoast-schema-graph\">{\"@context\":\"https:\/\/schema.org\",\"@graph\":[{\"@type\":\"WebSite\",\"@id\":\"https:\/\/www.altev.fr\/#website\",\"url\":\"https:\/\/www.altev.fr\/\",\"name\":\"ALTEV\",\"description\":\"R\u00e9invente la ville\",\"potentialAction\":[{\"@type\":\"SearchAction\",\"target\":{\"@type\":\"EntryPoint\",\"urlTemplate\":\"https:\/\/www.altev.fr\/?s={search_term_string}\"},\"query-input\":\"required name=search_term_string\"}],\"inLanguage\":\"fr-FR\"},{\"@type\":\"ImageObject\",\"@id\":\"https:\/\/www.altev.fr\/index.php\/nos-projets\/paris-18\/#primaryimage\",\"inLanguage\":\"fr-FR\",\"url\":\"https:\/\/www.altev.fr\/wp-content\/uploads\/2023\/04\/paris-18-scaled.jpg\",\"contentUrl\":\"https:\/\/www.altev.fr\/wp-content\/uploads\/2023\/04\/paris-18-scaled.jpg\",\"width\":1998,\"height\":2560},{\"@type\":\"WebPage\",\"@id\":\"https:\/\/www.altev.fr\/index.php\/nos-projets\/paris-18\/#webpage\",\"url\":\"https:\/\/www.altev.fr\/index.php\/nos-projets\/paris-18\/\",\"name\":\"Paris 18e - ALTEV\",\"isPartOf\":{\"@id\":\"https:\/\/www.altev.fr\/#website\"},\"primaryImageOfPage\":{\"@id\":\"https:\/\/www.altev.fr\/index.php\/nos-projets\/paris-18\/#primaryimage\"},\"datePublished\":\"2022-01-19T18:06:26+00:00\",\"dateModified\":\"2023-08-01T12:13:57+00:00\",\"breadcrumb\":{\"@id\":\"https:\/\/www.altev.fr\/index.php\/nos-projets\/paris-18\/#breadcrumb\"},\"inLanguage\":\"fr-FR\",\"potentialAction\":[{\"@type\":\"ReadAction\",\"target\":[\"https:\/\/www.altev.fr\/index.php\/nos-projets\/paris-18\/\"]}]},{\"@type\":\"BreadcrumbList\",\"@id\":\"https:\/\/www.altev.fr\/index.php\/nos-projets\/paris-18\/#breadcrumb\",\"itemListElement\":[{\"@type\":\"ListItem\",\"position\":1,\"name\":\"Accueil\",\"item\":\"https:\/\/www.altev.fr\/\"},{\"@type\":\"ListItem\",\"position\":2,\"name\":\"Nos projets\",\"item\":\"https:\/\/www.altev.fr\/index.php\/nos-projets\/\"},{\"@type\":\"ListItem\",\"position\":3,\"name\":\"Paris 18e\"}]}]}<\/script>\n<!-- \/ Yoast SEO plugin. -->","yoast_head_json":{"title":"Paris 18e - ALTEV","robots":{"index":"index","follow":"follow","max-snippet":"max-snippet:-1","max-image-preview":"max-image-preview:large","max-video-preview":"max-video-preview:-1"},"canonical":"https:\/\/www.altev.fr\/index.php\/nos-projets\/paris-18\/","og_locale":"fr_FR","og_type":"article","og_title":"Paris 18e - ALTEV","og_description":"Cet ancien entrep\u00f4t, qui a abrit\u00e9 le magasin la SERAP puis une entreprise d\u2019import-export de v\u00eatements, est transform\u00e9 en une r\u00e9sidence de 49 logements sociaux et interm\u00e9diaires, ainsi qu\u2019un commerce en rez-de-chauss\u00e9e. Exemple d\u2019immobilier durable, l\u2019entrep\u00f4t ne sera pas d\u00e9moli mais transform\u00e9 en logements. Des sur\u00e9l\u00e9vations accompagneront ce projet. Par sa transformation en immeuble d\u2019habitation, [&hellip;]","og_url":"https:\/\/www.altev.fr\/index.php\/nos-projets\/paris-18\/","og_site_name":"ALTEV","article_modified_time":"2023-08-01T12:13:57+00:00","og_image":[{"width":1998,"height":2560,"url":"https:\/\/www.altev.fr\/wp-content\/uploads\/2023\/04\/paris-18-scaled.jpg","type":"image\/jpeg"}],"twitter_card":"summary_large_image","twitter_misc":{"Dur\u00e9e de lecture estim\u00e9e":"1 minute"},"schema":{"@context":"https:\/\/schema.org","@graph":[{"@type":"WebSite","@id":"https:\/\/www.altev.fr\/#website","url":"https:\/\/www.altev.fr\/","name":"ALTEV","description":"R\u00e9invente la ville","potentialAction":[{"@type":"SearchAction","target":{"@type":"EntryPoint","urlTemplate":"https:\/\/www.altev.fr\/?s={search_term_string}"},"query-input":"required name=search_term_string"}],"inLanguage":"fr-FR"},{"@type":"ImageObject","@id":"https:\/\/www.altev.fr\/index.php\/nos-projets\/paris-18\/#primaryimage","inLanguage":"fr-FR","url":"https:\/\/www.altev.fr\/wp-content\/uploads\/2023\/04\/paris-18-scaled.jpg","contentUrl":"https:\/\/www.altev.fr\/wp-content\/uploads\/2023\/04\/paris-18-scaled.jpg","width":1998,"height":2560},{"@type":"WebPage","@id":"https:\/\/www.altev.fr\/index.php\/nos-projets\/paris-18\/#webpage","url":"https:\/\/www.altev.fr\/index.php\/nos-projets\/paris-18\/","name":"Paris 18e - ALTEV","isPartOf":{"@id":"https:\/\/www.altev.fr\/#website"},"primaryImageOfPage":{"@id":"https:\/\/www.altev.fr\/index.php\/nos-projets\/paris-18\/#primaryimage"},"datePublished":"2022-01-19T18:06:26+00:00","dateModified":"2023-08-01T12:13:57+00:00","breadcrumb":{"@id":"https:\/\/www.altev.fr\/index.php\/nos-projets\/paris-18\/#breadcrumb"},"inLanguage":"fr-FR","potentialAction":[{"@type":"ReadAction","target":["https:\/\/www.altev.fr\/index.php\/nos-projets\/paris-18\/"]}]},{"@type":"BreadcrumbList","@id":"https:\/\/www.altev.fr\/index.php\/nos-projets\/paris-18\/#breadcrumb","itemListElement":[{"@type":"ListItem","position":1,"name":"Accueil","item":"https:\/\/www.altev.fr\/"},{"@type":"ListItem","position":2,"name":"Nos projets","item":"https:\/\/www.altev.fr\/index.php\/nos-projets\/"},{"@type":"ListItem","position":3,"name":"Paris 18e"}]}]}},"_links":{"self":[{"href":"https:\/\/www.altev.fr\/index.php\/wp-json\/wp\/v2\/pages\/1093","targetHints":{"allow":["GET"]}}],"collection":[{"href":"https:\/\/www.altev.fr\/index.php\/wp-json\/wp\/v2\/pages"}],"about":[{"href":"https:\/\/www.altev.fr\/index.php\/wp-json\/wp\/v2\/types\/page"}],"author":[{"embeddable":true,"href":"https:\/\/www.altev.fr\/index.php\/wp-json\/wp\/v2\/users\/1"}],"replies":[{"embeddable":true,"href":"https:\/\/www.altev.fr\/index.php\/wp-json\/wp\/v2\/comments?post=1093"}],"version-history":[{"count":52,"href":"https:\/\/www.altev.fr\/index.php\/wp-json\/wp\/v2\/pages\/1093\/revisions"}],"predecessor-version":[{"id":2190,"href":"https:\/\/www.altev.fr\/index.php\/wp-json\/wp\/v2\/pages\/1093\/revisions\/2190"}],"up":[{"embeddable":true,"href":"https:\/\/www.altev.fr\/index.php\/wp-json\/wp\/v2\/pages\/898"}],"wp:featuredmedia":[{"embeddable":true,"href":"https:\/\/www.altev.fr\/index.php\/wp-json\/wp\/v2\/media\/2121"}],"wp:attachment":[{"href":"https:\/\/www.altev.fr\/index.php\/wp-json\/wp\/v2\/media?parent=1093"}],"curies":[{"name":"wp","href":"https:\/\/api.w.org\/{rel}","templated":true}]}}